{"id":183,"date":"2024-02-12T12:22:00","date_gmt":"2024-02-12T12:22:00","guid":{"rendered":"https:\/\/demosites.royal-elementor-addons.com\/shop-wooshop-v2\/?post_type=product&#038;p=183"},"modified":"2026-04-14T07:47:55","modified_gmt":"2026-04-14T07:47:55","slug":"soin-anti-age-bio-vegan-la-decouverte-produit","status":"publish","type":"product","link":"https:\/\/www.lantiquaille.com\/en\/product\/soin-anti-age-bio-vegan-la-decouverte-produit\/","title":{"rendered":"LA D\u00c9COUVERTE 5 ml &#8211; A&#038;Hyd360 Cr\u00e8me anti-\u00e2ge globale hydratation intense"},"content":{"rendered":"<p>L&rsquo;hydratation &amp; l&rsquo;\u00e9clat jeunesse le meilleure de la science &amp; de la nature<\/p>","protected":false},"excerpt":{"rendered":"<p>L&rsquo;hydratation &amp; l&rsquo;\u00e9clat jeunesse le meilleure de la science &amp; de la nature<\/p>","protected":false},"featured_media":3297,"comment_status":"open","ping_status":"closed","template":"","meta":[],"product_brand":[],"product_cat":[15],"product_tag":[76],"class_list":{"0":"post-183","1":"product","2":"type-product","3":"status-publish","4":"has-post-thumbnail","6":"product_cat-non-classe","7":"product_tag-la-decouverte","9":"first","10":"instock","11":"taxable","12":"shipping-taxable","13":"purchasable","14":"product-type-simple"},"_links":{"self":[{"href":"https:\/\/www.lantiquaille.com\/en\/wp-json\/wp\/v2\/product\/183","targetHints":{"allow":["GET"]}}],"collection":[{"href":"https:\/\/www.lantiquaille.com\/en\/wp-json\/wp\/v2\/product"}],"about":[{"href":"https:\/\/www.lantiquaille.com\/en\/wp-json\/wp\/v2\/types\/product"}],"replies":[{"embeddable":true,"href":"https:\/\/www.lantiquaille.com\/en\/wp-json\/wp\/v2\/comments?post=183"}],"wp:featuredmedia":[{"embeddable":true,"href":"https:\/\/www.lantiquaille.com\/en\/wp-json\/wp\/v2\/media\/3297"}],"wp:attachment":[{"href":"https:\/\/www.lantiquaille.com\/en\/wp-json\/wp\/v2\/media?parent=183"}],"wp:term":[{"taxonomy":"product_brand","embeddable":true,"href":"https:\/\/www.lantiquaille.com\/en\/wp-json\/wp\/v2\/product_brand?post=183"},{"taxonomy":"product_cat","embeddable":true,"href":"https:\/\/www.lantiquaille.com\/en\/wp-json\/wp\/v2\/product_cat?post=183"},{"taxonomy":"product_tag","embeddable":true,"href":"https:\/\/www.lantiquaille.com\/en\/wp-json\/wp\/v2\/product_tag?post=183"}],"curies":[{"name":"wp","href":"https:\/\/api.w.org\/{rel}","templated":true}]}}