{"id":1588,"date":"2024-11-06T14:06:30","date_gmt":"2024-11-06T14:06:30","guid":{"rendered":"https:\/\/www.amni7317.odns.fr\/?post_type=product&#038;p=1588"},"modified":"2026-04-27T11:36:26","modified_gmt":"2026-04-27T11:36:26","slug":"soin-anti-age-bio-vegan-le-voyage","status":"publish","type":"product","link":"https:\/\/www.lantiquaille.com\/en\/product\/soin-anti-age-bio-vegan-le-voyage\/","title":{"rendered":"LE VOYAGE 30 ml &#8211; A&#038;Hyd360 Cr\u00e8me anti-\u00e2ge globale hydratation intense"},"content":{"rendered":"<p>Un soin anti-\u00e2ge global nouvelle g\u00e9n\u00e9ration certifi\u00e9 Bio et Vegan, fabriqu\u00e9 \u00e0 Lyon, France, et compos\u00e9 majoritairement d&rsquo;actifs d&rsquo;origine naturelle issus de la r\u00e9gion Auvergne-Rh\u00f4ne-Alpes.<\/p>","protected":false},"excerpt":{"rendered":"<p>L&rsquo;hydratation &amp; l&rsquo;\u00e9clat jeunesse le meilleure de la science &amp; de la nature<\/p>","protected":false},"featured_media":1903,"comment_status":"open","ping_status":"closed","template":"","meta":[],"product_brand":[],"product_cat":[15],"product_tag":[75],"class_list":{"0":"post-1588","1":"product","2":"type-product","3":"status-publish","4":"has-post-thumbnail","6":"product_cat-non-classe","7":"product_tag-le-voyage","9":"first","10":"instock","11":"taxable","12":"shipping-taxable","13":"purchasable","14":"product-type-simple"},"_links":{"self":[{"href":"https:\/\/www.lantiquaille.com\/en\/wp-json\/wp\/v2\/product\/1588","targetHints":{"allow":["GET"]}}],"collection":[{"href":"https:\/\/www.lantiquaille.com\/en\/wp-json\/wp\/v2\/product"}],"about":[{"href":"https:\/\/www.lantiquaille.com\/en\/wp-json\/wp\/v2\/types\/product"}],"replies":[{"embeddable":true,"href":"https:\/\/www.lantiquaille.com\/en\/wp-json\/wp\/v2\/comments?post=1588"}],"wp:featuredmedia":[{"embeddable":true,"href":"https:\/\/www.lantiquaille.com\/en\/wp-json\/wp\/v2\/media\/1903"}],"wp:attachment":[{"href":"https:\/\/www.lantiquaille.com\/en\/wp-json\/wp\/v2\/media?parent=1588"}],"wp:term":[{"taxonomy":"product_brand","embeddable":true,"href":"https:\/\/www.lantiquaille.com\/en\/wp-json\/wp\/v2\/product_brand?post=1588"},{"taxonomy":"product_cat","embeddable":true,"href":"https:\/\/www.lantiquaille.com\/en\/wp-json\/wp\/v2\/product_cat?post=1588"},{"taxonomy":"product_tag","embeddable":true,"href":"https:\/\/www.lantiquaille.com\/en\/wp-json\/wp\/v2\/product_tag?post=1588"}],"curies":[{"name":"wp","href":"https:\/\/api.w.org\/{rel}","templated":true}]}}