{"id":7244,"date":"2025-11-03T17:03:34","date_gmt":"2025-11-03T17:03:34","guid":{"rendered":"https:\/\/www.lantiquaille.com\/?page_id=7244"},"modified":"2025-11-13T13:24:48","modified_gmt":"2025-11-13T13:24:48","slug":"mentions-legales","status":"publish","type":"page","link":"https:\/\/www.lantiquaille.com\/en\/mentions-legales\/","title":{"rendered":"Legal Notice"},"content":{"rendered":"<div data-elementor-type=\"wp-page\" data-elementor-id=\"7244\" class=\"elementor elementor-7244\" data-elementor-post-type=\"page\">\n\t\t\t\t<div class=\"elementor-element elementor-element-945b461 e-con-full e-flex e-con e-parent\" data-id=\"945b461\" data-element_type=\"container\" data-e-type=\"container\">\n\t\t\t\t<div class=\"elementor-element elementor-element-3b36d75 elementor-widget elementor-widget-text-editor\" data-id=\"3b36d75\" data-element_type=\"widget\" data-e-type=\"widget\" data-widget_type=\"text-editor.default\">\n\t\t\t\t<div class=\"elementor-widget-container\">\n\t\t\t\t\t\t\t\t\t<h5 data-start=\"139\" data-end=\"190\"><strong data-start=\"141\" data-end=\"190\">Legal information <span style=\"text-decoration: underline;\"><a class=\"decorated-link\" href=\"http:\/\/www.lantiquaille.com\/en\/\" target=\"_new\" rel=\"noopener\" data-start=\"168\" data-end=\"188\">www.lantiquaille.com<\/a><\/span><\/strong><\/h5>\n<p data-start=\"192\" data-end=\"237\"><em>Last update: October 31, 2025<\/em><\/p>\n<p style=\"margin-top: 0.1em; margin-bottom: 0.8em; line-height: 1.4em;\">In accordance with the legal provisions in force in the European Union (EU) and in France, the e-commerce site\n<a style=\"text-decoration: underline;\" href=\"https:\/\/www.lantiquaille.com\/en\/\" target=\"_blank\" rel=\"noopener\">www.lantiquaille.com<\/a>\nest \u00e9dit\u00e9 par Les Laboratoires de L\u2019Antiquaille, SAS immatricul\u00e9e au RCS de Lyon sous le num\u00e9ro 904\u00a0675\u00a0022.<\/p>\n<p style=\"margin-top: 0.1em; margin-bottom: 0.8em; line-height: 1.4em;\">Our website is the main sales channel for our dermocosmetic products, which are authorized for sale throughout the European Union via the CPNP (Cosmetic Products Notification Portal).<\/p>\n<p style=\"margin-top: 0.1em; margin-bottom: 0.8em; line-height: 1.4em;\">If you have any questions, please contact us by e-mail at : <span style=\"text-decoration: underline;\"><a class=\"decorated-link cursor-pointer\" rel=\"noopener\" data-start=\"773\" data-end=\"797\">contact@lantiquaille.com<\/a><\/span>.<\/p>\n\n\n<hr data-start=\"802\" data-end=\"805\" \/>\n\n<h6><strong>1. Publisher's identity<\/strong><\/h6>\n<ul style=\"line-height: 1.4em; margin-top: 0.25em; margin-bottom: 0.8em;\">\n \t<li>\n<p style=\"margin-bottom: 0.25em;\">Corporate name: Les Laboratoires de L'Antiquaille<\/p>\n<\/li>\n \t<li>\n<p style=\"margin-bottom: 0.25em;\">Legal form: Simplified joint-stock company (SAS)<\/p>\n<\/li>\n \t<li>\n<p style=\"margin-bottom: 0.25em;\">Head office: 302 rue Garibaldi, 69007 Lyon, France<\/p>\n<\/li>\n \t<li>\n<p style=\"margin-bottom: 0.25em;\">E-mail address : <a style=\"text-decoration: underline;\" href=\"mailto:contact@lantiquaille.com\">contact@lantiquaille.com<\/a><\/p>\n<\/li>\n \t<li>\n<p style=\"margin-bottom: 0.25em;\">Share capital: \u20ac9,626<\/p>\n<\/li>\n \t<li>\n<p style=\"margin-bottom: 0.25em;\">Registration number: RCS Lyon 904 675 022<\/p>\n<\/li>\n \t<li>\n<p style=\"margin-bottom: 0.25em;\">SIRET number: 904 675 022 00019<\/p>\n<\/li>\n \t<li>\n<p style=\"margin-bottom: 0.25em;\">Intracommunity VAT number: FR95904675022<\/p>\n<\/li>\n \t<li>\n<p style=\"margin-bottom: 0.25em;\">Marketing license: Authorization to market in the European Union (EU) via the CPNP portal<\/p>\n<\/li>\n \t<li>\n<p style=\"margin-bottom: 0.25em;\">CPNP notification number: 5285252<\/p>\n<\/li>\n \t<li>\n<p style=\"margin-bottom: 0.25em;\">Activity: Online sales of dermocosmetic products via the website <a style=\"text-decoration: underline;\" href=\"https:\/\/www.lantiquaille.com\/en\/\" target=\"_blank\" rel=\"noopener\">www.lantiquaille.com<\/a>, available in French and English from the launch, then progressively in other languages<\/p>\n<\/li>\n \t<li>\n<p style=\"margin-bottom: 0.25em;\">Director of publication: Mr Florent Gerphagnon, President and founder of Les Laboratoires de L'Antiquaille SAS.<\/p>\n<\/li>\n<\/ul>\n\n<hr data-start=\"1764\" data-end=\"1767\" \/>\n\n<h6 data-start=\"1769\" data-end=\"1790\"><strong data-start=\"1772\" data-end=\"1790\">2. Hosting<\/strong><\/h6>\n<p style=\"margin-bottom: 0.3em;\">Le site <a style=\"text-decoration: underline;\" href=\"https:\/\/www.lantiquaille.com\/en\/\" target=\"_blank\" rel=\"noopener\">www.lantiquaille.com<\/a> est h\u00e9berg\u00e9 en France par la soci\u00e9t\u00e9 o2Switch, SAS au capital de 100\u00a0000\u00a0euros, dont le si\u00e8ge social est situ\u00e9 Chemin des Pardiaux, 63000\u00a0Clermont-Ferrand, France, immatricul\u00e9e au RCS\u00a0Clermont-Ferrand sous le num\u00e9ro\u00a0510\u00a0909\u00a0807.<\/p>\n\n<ul style=\"line-height: 1.4em; margin-top: 0.25em; margin-bottom: 0.8em;\">\n \t<li>\n<p style=\"margin-bottom: 0.25em;\">SIRET\u00a0: 510\u00a0909\u00a0807\u00a000032<\/p>\n<\/li>\n \t<li>\n<p style=\"margin-bottom: 0.25em;\">Op\u00e9rateur\u00a0T\u00e9l\u00e9com d\u00e9clar\u00e9 ARCEP\u00a0n\u00b0\u00a0: 09\/2989 \u2013 AS50474<\/p>\n<\/li>\n \t<li>\n<p style=\"margin-bottom: 0.25em;\">Site web\u00a0: <a style=\"text-decoration: underline;\" href=\"https:\/\/www.o2switch.fr\" target=\"_blank\" rel=\"noopener\">www.o2switch.fr<\/a><\/p>\n<\/li>\n<\/ul>\n\n<hr data-start=\"2235\" data-end=\"2238\" \/>\n\n<h6 data-start=\"2240\" data-end=\"2283\"><strong data-start=\"2243\" data-end=\"2283\">3. Geographic scope and deliveries<\/strong><\/h6>\n<p style=\"margin-top: 0.1em; margin-bottom: 0.8em; line-height: 1.4em;\">Our products are currently available for sale and delivery in mainland France (including Corsica and Monaco) and in all countries of the European Union (EU).<\/p>\n<p style=\"margin-top: 0.1em; margin-bottom: 0.8em; line-height: 1.4em;\">Deliveries to French overseas territories (DROM-COM) are not yet available, but may be in the near future.<\/p>\n<p style=\"margin-top: 0.1em; margin-bottom: 0.8em; line-height: 1.4em;\">Deliveries to other countries may also be considered at a later date, subject to the necessary authorizations.<\/p>\n\n\n<hr data-start=\"2746\" data-end=\"2749\" \/>\n\n<h6 data-start=\"2751\" data-end=\"2788\"><strong data-start=\"2754\" data-end=\"2788\">4. Design and development<\/strong><\/h6>\n<ul data-start=\"2790\" data-end=\"3360\">\n \t<li data-start=\"2790\" data-end=\"3032\">\n<p data-start=\"2792\" data-end=\"3032\">Graphic and web design: Morgane Tosi - <em data-start=\"2848\" data-end=\"2879\">Graphic studio Morgane Tosi<\/em><br data-start=\"2879\" data-end=\"2882\" \/>117 quai Clemenceau, 69300 Caluire, France<br data-start=\"2926\" data-end=\"2929\" \/>Site : <span style=\"text-decoration: underline;\"><a class=\"decorated-link\" href=\"https:\/\/www.studio-morganetosi.com\" target=\"_new\" rel=\"noopener\" data-start=\"2938\" data-end=\"3002\">www.studio-morganetosi.com<\/a><\/span> - SIRET : 752 684 886 00035<\/p>\n<\/li>\n \t<li data-start=\"3034\" data-end=\"3279\">\n<p data-start=\"3036\" data-end=\"3279\">Web development and integration: Nicolas Amiot and Nicolas Buathier - <em data-start=\"3111\" data-end=\"3127\">Confordev SARL<\/em><br data-start=\"3127\" data-end=\"3130\" \/>16 bis rue des Ranchots, 25320 Montferrand-le-Ch\u00e2teau, France<br data-start=\"3193\" data-end=\"3196\" \/>Site : <span style=\"text-decoration: underline;\"><a class=\"decorated-link\" href=\"https:\/\/www.confordev.fr\" target=\"_new\" rel=\"noopener\" data-start=\"3205\" data-end=\"3249\">www.confordev.fr<\/a><\/span> - SIRET : 485 210 165 00018<\/p>\n<\/li>\n \t<li data-start=\"3281\" data-end=\"3360\">\n<p data-start=\"3283\" data-end=\"3360\">Editorial coordination and content: Les Laboratoires de L'Antiquaille<\/p>\n<\/li>\n<\/ul>\n\n<hr data-start=\"3362\" data-end=\"3365\" \/>\n\n<h6 data-start=\"3367\" data-end=\"3391\"><strong data-start=\"3370\" data-end=\"3391\">5. Liability<\/strong><\/h6>\n<p style=\"margin-top: 0.1em; margin-bottom: 0.8em; line-height: 1.4em;\">Laboratoires de L'Antiquaille makes every effort to ensure that the information published on the site is accurate and up-to-date. <a class=\"decorated-link\" href=\"http:\/\/www.lantiquaille.com\/en\/\" target=\"_new\" rel=\"noopener\" data-start=\"3521\" data-end=\"3541\"><span style=\"text-decoration: underline;\">www.lantiquaille.com<\/span><\/a>, but cannot guarantee that they are complete, accurate or error-free.<\/p>\n<p style=\"margin-top: 0.1em; margin-bottom: 0.8em; line-height: 1.4em;\">The company reserves the right to modify the content of the site at any time, without prior notice.<\/p>\n<p style=\"margin-bottom: 0.3em;\">La responsabilit\u00e9 des Laboratoires de L\u2019Antiquaille ne saurait \u00eatre engag\u00e9e en cas\u00a0:<\/p>\n\n<ul style=\"line-height: 1.4em; margin-top: 0.25em; margin-bottom: 0.8em;\">\n \t<li>\n<p style=\"margin-bottom: 0.25em;\">site access interruption or technical malfunction,<\/p>\n<\/li>\n \t<li>\n<p style=\"margin-bottom: 0.25em;\">direct or indirect damage arising from use of the site,<\/p>\n<\/li>\n \t<li>\n<p style=\"margin-bottom: 0.25em;\">or any content downloaded from it.<\/p>\n<\/li>\n<\/ul>\n\n<hr data-start=\"3997\" data-end=\"4000\" \/>\n\n<h6 data-start=\"4002\" data-end=\"4026\"><strong data-start=\"4005\" data-end=\"4026\">6. External links<\/strong><\/h6>\n<p style=\"margin-top: 0.1em; margin-bottom: 0.8em; line-height: 1.4em;\">Le site <a href=\"https:\/\/www.lantiquaille.com\/en\/\" target=\"_blank\" rel=\"noopener\"><span style=\"text-decoration: underline;\">www.lantiquaille.com<\/span><\/a> may contain links to other websites or external resources.<\/p>\n<p style=\"margin-top: 0.1em; margin-bottom: 0.8em; line-height: 1.4em;\">Laboratoires de L'Antiquaille cannot be held responsible for the content or operation of these third-party sites.<\/p>\n<p style=\"margin-top: 0.1em; margin-bottom: 0.8em; line-height: 1.4em;\">Access to these sites is under the sole responsibility of the user.<\/p>\n\n\n<hr data-start=\"4316\" data-end=\"4319\" \/>\n\n<h6 data-start=\"4321\" data-end=\"4355\"><strong data-start=\"4324\" data-end=\"4355\">7. Intellectual property<\/strong><\/h6>\n<p style=\"margin-top: 0.1em; margin-bottom: 0.8em; line-height: 1.4em;\">All content on the site <a href=\"https:\/\/www.lantiquaille.com\/en\/\" target=\"_blank\" rel=\"noopener\"><span style=\"text-decoration: underline;\">www.lantiquaille.com<\/span><\/a>, All content, including but not limited to texts, images, photographs, videos, graphics, logos, icons, sound elements, trademarks and trade names, is the property of Laboratoires de L'Antiquaille or is the subject of an authorization to use granted to the company by their rights holders.<\/p>\n<p style=\"margin-top: 0.1em; margin-bottom: 0.8em; line-height: 1.4em;\">Toute reproduction, repr\u00e9sentation, adaptation, modification ou diffusion, totale ou partielle, de ces\n\u00e9l\u00e9ments, par quelque moyen que ce soit, sans autorisation \u00e9crite pr\u00e9alable de la soci\u00e9t\u00e9 Les Laboratoires\nde L\u2019Antiquaille, est strictement interdite et constituerait une contrefa\u00e7on au sens des articles L.335-2 et suivants du Code de la propri\u00e9t\u00e9 intellectuelle fran\u00e7ais.<\/p>\n\n\n<hr data-start=\"4815\" data-end=\"4818\" \/>\n\n<h6 data-start=\"4820\" data-end=\"4886\"><strong data-start=\"4823\" data-end=\"4886\">8. General Terms and Conditions of Sale and Use (GTC\/UGU)<\/strong><\/h6>\n<p style=\"margin-top: 0.1em; margin-bottom: 0.8em; line-height: 1.4em;\">The General Terms and Conditions of Sale and Use (GTS\/CGU) applicable to this site can be accessed at any time via the link at the foot of the page.<\/p>\n<p style=\"margin-top: 0.1em; margin-bottom: 0.8em; line-height: 1.4em;\">They specify the contractual terms and conditions, the applicable law, the language of the contract and the European mediation mechanisms available to consumers residing in the European Union (EU).<\/p>\n\n\n<hr data-start=\"5130\" data-end=\"5133\" \/>\n\n<h6 data-start=\"5135\" data-end=\"5184\"><strong data-start=\"5138\" data-end=\"5184\">9. Personal data and confidentiality<\/strong><\/h6>\n<p style=\"margin-top: 0.1em; margin-bottom: 0.8em; line-height: 1.4em;\">Personal data collected on the www.lantiquaille.com website is processed by Les Laboratoires de L'Antiquaille, as the data controller.<\/p>\n<p style=\"margin-top: 0.1em; margin-bottom: 0.8em; line-height: 1.4em;\">They are used to manage orders, deliveries, customer relations, loyalty and sponsorship programs, as well as to send information about offers and benefits for customers and members of the Club de L'Antiquaille (see article 10 below).<\/p>\n<p style=\"margin-top: 0.1em; margin-bottom: 0.8em; line-height: 1.4em;\">This data is kept for the time strictly necessary for these purposes, in accordance with Regulation (EU) 2016\/679 known as the \u00abGeneral Data Protection Regulation\u00bb (GDPR).<\/p>\n<p style=\"margin-top: 0.1em; margin-bottom: 0.8em; line-height: 1.4em;\">Some of this data may be temporarily entrusted to partners or communication service providers acting exclusively on behalf of Laboratoires de L'Antiquaille, in order to carry out occasional communication or promotional operations. These partners are bound by strict confidentiality obligations and may under no circumstances re-use this data for their own purposes.<\/p>\n<p style=\"margin-top: 0.1em; margin-bottom: 0.8em; line-height: 1.4em;\">Les donn\u00e9es sont h\u00e9berg\u00e9es et trait\u00e9es au sein de l\u2019Union Europ\u00e9enne (UE). Toutefois, certaines donn\u00e9es peuvent, \u00e0 titre exceptionnel, \u00eatre transf\u00e9r\u00e9es vers des pays situ\u00e9s hors de l\u2019Union europ\u00e9enne lorsque cela est n\u00e9cessaire \u00e0 l\u2019ex\u00e9cution de nos services (par exemple dans le cadre d\u2019outils techniques ou marketing). Dans ce cas, Les Laboratoires de L\u2019Antiquaille s\u2019assurent que ces transferts sont encadr\u00e9s par des garanties appropri\u00e9es conform\u00e9ment au R\u00e8glement (UE) 2016\/679 (RGPD), telles que des clauses contractuelles types, une d\u00e9cision d\u2019ad\u00e9quation, ou tout autre m\u00e9canisme reconnu par la Commission europ\u00e9enne.<\/p>\n<p style=\"margin-bottom: 0.3em;\">Chaque utilisateur dispose d\u2019un droit d\u2019acc\u00e8s, de rectification, d\u2019opposition, d\u2019effacement et de portabilit\u00e9 de ses donn\u00e9es, qu\u2019il peut exercer \u00e0 tout moment\u00a0:<\/p>\n\n<ul style=\"line-height: 1.4em; margin-top: 0.25em; margin-bottom: 0.8em;\">\n \t<li>\n<p style=\"margin-bottom: 0.25em;\">par e-mail \u00e0 l\u2019adresse\u00a0: <a style=\"text-decoration: underline;\" href=\"mailto:contact@lantiquaille.com\">contact@lantiquaille.com<\/a><\/p>\n<\/li>\n \t<li>\n<p style=\"margin-bottom: 0.25em;\">ou par courrier postal en \u00e9crivant \u00e0\u00a0: Les Laboratoires de L\u2019Antiquaille, 302\u00a0rue\u00a0Garibaldi, 69007\u00a0Lyon, France<\/p>\n<\/li>\n<\/ul>\n<p style=\"margin-top: 0.1em; margin-bottom: 0.8em; line-height: 1.4em;\">For more information on how personal data is collected and processed, the user is invited to consult our privacy policy available on our website :\u00a0<span style=\"text-decoration: underline;\"><a href=\"http:\/\/www.lantiquaille.com\/en\/\">www.lantiquaille.com<\/a><\/span>.<\/p>\n\n\n<hr data-start=\"6036\" data-end=\"6039\" \/>\n\n<h6 data-start=\"6041\" data-end=\"6104\"><strong data-start=\"6044\" data-end=\"6104\">10. Loyalty program: \u00abLe Club de L'Antiquaille\u00bb<\/strong><\/h6>\n<p style=\"margin-top: 0.1em; margin-bottom: 0.8em; line-height: 1.4em;\">The Club de L'Antiquaille is a free loyalty program open to all customers residing in the distribution and delivery zones mentioned in article 3.<\/p>\n<p style=\"margin-top: 0.1em; margin-bottom: 0.8em; line-height: 1.4em;\">Il permet \u00e0 ses membres d\u2019accumuler des points lors de leurs achats et de b\u00e9n\u00e9ficier d\u2019offres et d\u2019avantages exclusifs.<\/p>\n<p style=\"margin-bottom: 0.3em;\">Les modalit\u00e9s compl\u00e8tes d\u2019adh\u00e9sion, d\u2019attribution et d\u2019utilisation des points, ainsi que les conditions du programme de parrainage, sont pr\u00e9cis\u00e9es\u00a0:<\/p>\n\n<ul style=\"line-height: 1.4em; margin-top: 0.25em; margin-bottom: 0.8em;\">\n \t<li>\n<p style=\"margin-bottom: 0.25em;\">dans le R\u00e8glement du Club de L\u2019Antiquaille, disponible \u00e0 tout moment dans le pied de page du site,<\/p>\n<\/li>\n \t<li>\n<p style=\"margin-bottom: 0.25em;\">et sur la page \u00ab Fid\u00e9lit\u00e9 &amp; Parrainage \u00bb du site <a href=\"https:\/\/www.lantiquaille.com\/en\/\" target=\"_blank\" rel=\"noopener\"><span style=\"text-decoration: underline;\">www.lantiquaille.com<\/span><\/a>.<\/p>\n<\/li>\n<\/ul>\n<p style=\"margin-top: 0.1em; margin-bottom: 0.8em; line-height: 1.4em;\">Ces dispositions compl\u00e8tent les Conditions G\u00e9n\u00e9rales de Vente (CGV) et la Politique de confidentialit\u00e9\u00a0des Laboratoires de L\u2019Antiquaille.<\/p>\n\n\n<hr data-start=\"6355\" data-end=\"6358\" \/>\n\n<h6 data-start=\"6360\" data-end=\"6387\"><strong data-start=\"6363\" data-end=\"6387\">11. Cookies and tracking<\/strong><\/h6>\n<p style=\"margin-top: 0.1em; margin-bottom: 0.8em; line-height: 1.4em;\">This site uses cookies to ensure its smooth operation, improve the user experience and analyze traffic.<\/p>\n<p style=\"margin-top: 0.1em; margin-bottom: 0.8em; line-height: 1.4em;\">You can manage your preferences via the consent banner displayed on your first visit.<\/p>\n<p style=\"margin-top: 0.1em; margin-bottom: 0.8em; line-height: 1.4em;\">Preferences can be managed via the consent banner displayed on the first visit.<\/p>\n<p style=\"margin-top: 0.1em; margin-bottom: 0.8em; line-height: 1.4em;\">Pour plus d\u2019informations, consultez la politique de cookies disponible dans le pied de page du site \u00e0 la rubrique \u00ab\u00a0Confidentialit\u00e9 &amp; cookies\u00a0\u00bb.<\/p>\n\n\n<hr data-start=\"6719\" data-end=\"6722\" \/>\n\n<h6 data-start=\"6724\" data-end=\"6788\"><strong data-start=\"6727\" data-end=\"6788\">12. Applicable law, jurisdiction and mediation<\/strong><\/h6>\n<p style=\"margin-top: 0.1em; margin-bottom: 0.8em; line-height: 1.4em;\">This site and its terms of use are governed by French law.<\/p>\n<p style=\"margin-top: 0.1em; margin-bottom: 0.8em; line-height: 1.4em;\">In the event of a dispute, and after an attempt at amicable resolution, exclusive jurisdiction is attributed to the competent courts of Lyon, France, subject to the mandatory provisions applicable in the consumer's country of residence.<\/p>\n<p style=\"margin-top: 0.1em; margin-bottom: 0.8em; line-height: 1.4em;\">In accordance with Article 14 of Regulation (EU) No. 524\/2013, consumers residing in the European Union may have recourse to the European online dispute resolution platform (RLL) accessible at the following address: <span style=\"text-decoration: underline;\"><a class=\"decorated-link\" href=\"https:\/\/ec.europa.eu\/consumers\/odr\" target=\"_new\" rel=\"noopener\" data-start=\"7254\" data-end=\"7326\">https:\/\/ec.europa.eu\/consumers\/odr<\/a><\/span><\/p>\n<p style=\"margin-top: 0.1em; margin-bottom: 0.8em; line-height: 1.4em;\">The present legal notice has been drafted with a view to its application in all countries of the European Union (EU), as well as in any other geographical area where Laboratoires de L'Antiquaille products may be marketed.<\/p>\n<p style=\"margin-top: 0.1em; margin-bottom: 0.8em; line-height: 1.4em;\">They may be translated into other languages, without altering their scope or legal value. In the event of differences of interpretation between different translations, the French version shall prevail.<\/p>\n\n\n<hr data-start=\"7434\" data-end=\"7437\" \/>\n\n<h6 data-start=\"7439\" data-end=\"7461\"><strong data-start=\"7442\" data-end=\"7461\">13. Update<\/strong><\/h6>\n<p style=\"margin-top: 0.1em; margin-bottom: 0.8em; line-height: 1.4em;\">This legal notice was updated on October 31, 2025.<\/p>\n<p style=\"margin-top: 0.1em; margin-bottom: 0.8em; line-height: 1.4em;\">Earlier versions are archived and available on request.<\/p>\n<p style=\"margin-top: 0.1em; margin-bottom: 2em; line-height: 1.4em;\">Laboratoires de L'Antiquaille reserves the right to modify the content of this site and the present legal notice at any time.<\/p>\n<p style=\"margin-top: 0.1em; margin-bottom: 0.8em; line-height: 1.4em;\"><em>Fin des Mentions l\u00e9gales du site www.lantiquaille.com<\/em><\/p>\t\t\t\t\t\t\t\t<\/div>\n\t\t\t\t<\/div>\n\t\t\t\t<\/div>\n\t\t\t\t<\/div>","protected":false},"excerpt":{"rendered":"<p>Mentions l\u00e9gales du site www.lantiquaille.com Derni\u00e8re mise \u00e0 jour : le 31 octobre 2025 Conform\u00e9ment aux dispositions l\u00e9gales en vigueur dans l\u2019Union europ\u00e9enne (UE) et en France, le site e-commerce www.lantiquaille.com est \u00e9dit\u00e9 par Les Laboratoires de L\u2019Antiquaille, SAS immatricul\u00e9e au RCS de Lyon sous le num\u00e9ro 904\u00a0675\u00a0022. Notre site est le vecteur principal de [&hellip;]<\/p>\n","protected":false},"author":1,"featured_media":0,"parent":0,"menu_order":0,"comment_status":"closed","ping_status":"closed","template":"elementor_header_footer","meta":{"footnotes":""},"class_list":["post-7244","page","type-page","status-publish","hentry"],"_links":{"self":[{"href":"https:\/\/www.lantiquaille.com\/en\/wp-json\/wp\/v2\/pages\/7244","targetHints":{"allow":["GET"]}}],"collection":[{"href":"https:\/\/www.lantiquaille.com\/en\/wp-json\/wp\/v2\/pages"}],"about":[{"href":"https:\/\/www.lantiquaille.com\/en\/wp-json\/wp\/v2\/types\/page"}],"author":[{"embeddable":true,"href":"https:\/\/www.lantiquaille.com\/en\/wp-json\/wp\/v2\/users\/1"}],"replies":[{"embeddable":true,"href":"https:\/\/www.lantiquaille.com\/en\/wp-json\/wp\/v2\/comments?post=7244"}],"version-history":[{"count":181,"href":"https:\/\/www.lantiquaille.com\/en\/wp-json\/wp\/v2\/pages\/7244\/revisions"}],"predecessor-version":[{"id":10061,"href":"https:\/\/www.lantiquaille.com\/en\/wp-json\/wp\/v2\/pages\/7244\/revisions\/10061"}],"wp:attachment":[{"href":"https:\/\/www.lantiquaille.com\/en\/wp-json\/wp\/v2\/media?parent=7244"}],"curies":[{"name":"wp","href":"https:\/\/api.w.org\/{rel}","templated":true}]}}