{"id":462,"date":"2024-02-12T20:24:59","date_gmt":"2024-02-12T20:24:59","guid":{"rendered":"https:\/\/demosites.royal-elementor-addons.com\/shop-wooshop-v2\/?page_id=462"},"modified":"2025-11-19T11:56:46","modified_gmt":"2025-11-19T11:56:46","slug":"panier","status":"publish","type":"page","link":"https:\/\/www.lantiquaille.com\/en\/panier\/","title":{"rendered":"Basket"},"content":{"rendered":"<div data-elementor-type=\"wp-page\" data-elementor-id=\"462\" class=\"elementor elementor-462\" data-elementor-post-type=\"page\">\n\t\t\t\t<div class=\"elementor-element elementor-element-effe62b e-flex e-con-boxed e-con e-parent\" data-id=\"effe62b\" data-element_type=\"container\" data-e-type=\"container\">\n\t\t\t\t\t<div class=\"e-con-inner\">\n\t\t\t\t<div class=\"elementor-element elementor-element-0c367c6 elementor-widget elementor-widget-heading\" data-id=\"0c367c6\" data-element_type=\"widget\" data-e-type=\"widget\" data-widget_type=\"heading.default\">\n\t\t\t\t<div class=\"elementor-widget-container\">\n\t\t\t\t\t<h2 class=\"elementor-heading-title elementor-size-default\">Basket<\/h2>\t\t\t\t<\/div>\n\t\t\t\t<\/div>\n\t\t\t\t\t<\/div>\n\t\t\t\t<\/div>\n\t\t<div class=\"elementor-element elementor-element-904cdb7 e-flex e-con-boxed e-con e-parent\" data-id=\"904cdb7\" data-element_type=\"container\" data-e-type=\"container\">\n\t\t\t\t\t<div class=\"e-con-inner\">\n\t\t<div class=\"elementor-element elementor-element-f3c75d5 e-con-full e-flex e-con e-child\" data-id=\"f3c75d5\" data-element_type=\"container\" data-e-type=\"container\" data-settings=\"{&quot;background_background&quot;:&quot;classic&quot;}\">\n\t\t<div class=\"elementor-element elementor-element-6cb36a1 e-con-full infooffrecheckout e-flex e-con e-child\" data-id=\"6cb36a1\" data-element_type=\"container\" data-e-type=\"container\" data-settings=\"{&quot;background_background&quot;:&quot;classic&quot;}\">\n\t\t<div class=\"elementor-element elementor-element-e50b2fb e-con-full e-flex e-con e-child\" data-id=\"e50b2fb\" data-element_type=\"container\" data-e-type=\"container\">\n\t\t\t\t<div class=\"elementor-element elementor-element-a68e4c5 elementor-view-default elementor-widget elementor-widget-icon\" data-id=\"a68e4c5\" data-element_type=\"widget\" data-e-type=\"widget\" data-widget_type=\"icon.default\">\n\t\t\t\t<div class=\"elementor-widget-container\">\n\t\t\t\t\t\t\t<div class=\"elementor-icon-wrapper\">\n\t\t\t<div class=\"elementor-icon\">\n\t\t\t<svg aria-hidden=\"true\" class=\"e-font-icon-svg e-fas-info-circle\" viewbox=\"0 0 512 512\" xmlns=\"http:\/\/www.w3.org\/2000\/svg\"><path d=\"M256 8C119.043 8 8 119.083 8 256c0 136.997 111.043 248 248 248s248-111.003 248-248C504 119.083 392.957 8 256 8zm0 110c23.196 0 42 18.804 42 42s-18.804 42-42 42-42-18.804-42-42 18.804-42 42-42zm56 254c0 6.627-5.373 12-12 12h-88c-6.627 0-12-5.373-12-12v-24c0-6.627 5.373-12 12-12h12v-64h-12c-6.627 0-12-5.373-12-12v-24c0-6.627 5.373-12 12-12h64c6.627 0 12 5.373 12 12v100h12c6.627 0 12 5.373 12 12v24z\"><\/path><\/svg>\t\t\t<\/div>\n\t\t<\/div>\n\t\t\t\t\t\t<\/div>\n\t\t\t\t<\/div>\n\t\t\t\t<\/div>\n\t\t<div class=\"elementor-element elementor-element-6580aa4 e-con-full e-flex e-con e-child\" data-id=\"6580aa4\" data-element_type=\"container\" data-e-type=\"container\">\n\t\t\t\t<div class=\"elementor-element elementor-element-81db148 elementor-widget elementor-widget-text-editor\" data-id=\"81db148\" data-element_type=\"widget\" data-e-type=\"widget\" data-widget_type=\"text-editor.default\">\n\t\t\t\t<div class=\"elementor-widget-container\">\n\t\t\t\t\t\t\t\t\tConfirm your order, then create or log in to your account to take advantage of our offers. \t\t\t\t\t\t\t\t<\/div>\n\t\t\t\t<\/div>\n\t\t\t\t<\/div>\n\t\t\t\t<\/div>\n\t\t\t\t<div class=\"elementor-element elementor-element-c5151bd elementor-widget elementor-widget-html\" data-id=\"c5151bd\" data-element_type=\"widget\" data-e-type=\"widget\" data-widget_type=\"html.default\">\n\t\t\t\t<div class=\"elementor-widget-container\">\n\t\t\t\t\t\r\n\t\t\t\t<\/div>\n\t\t\t\t<\/div>\n\t\t\t\t<div class=\"elementor-element elementor-element-36a7bad elementor-widget elementor-widget-html\" data-id=\"36a7bad\" data-element_type=\"widget\" data-e-type=\"widget\" data-widget_type=\"html.default\">\n\t\t\t\t<div class=\"elementor-widget-container\">\n\t\t\t\t\t<script>\n    jQuery(document).ready(function($) {\n    \/\/ Attend un peu que la page soit bien charg\u00e9e, au cas o\u00f9\n    setTimeout(function() {\n        \/\/ Cible le bouton sur la page panier\n        $('.wc-proceed-to-checkout a.checkout-button').text('Valider le panier');\n    }, 500);\n});\n<\/script>\t\t\t\t<\/div>\n\t\t\t\t<\/div>\n\t\t\t\t<\/div>\n\t\t\t\t\t<\/div>\n\t\t\t\t<\/div>\n\t\t<div class=\"elementor-element elementor-element-0486993 e-flex e-con-boxed e-con e-parent\" data-id=\"0486993\" data-element_type=\"container\" data-e-type=\"container\" data-settings=\"{&quot;background_background&quot;:&quot;classic&quot;}\">\n\t\t\t\t\t<div class=\"e-con-inner\">\n\t\t<div class=\"elementor-element elementor-element-d16e809 e-con-full e-flex e-con e-child\" data-id=\"d16e809\" data-element_type=\"container\" data-e-type=\"container\">\n\t\t<div class=\"elementor-element elementor-element-0642f5a e-con-full e-flex e-con e-child\" data-id=\"0642f5a\" data-element_type=\"container\" data-e-type=\"container\">\n\t\t\t\t<div class=\"elementor-element elementor-element-bbab74d elementor-widget elementor-widget-image\" data-id=\"bbab74d\" data-element_type=\"widget\" data-e-type=\"widget\" data-widget_type=\"image.default\">\n\t\t\t\t<div class=\"elementor-widget-container\">\n\t\t\t\t\t\t\t\t\t\t\t\t\t\t\t<img fetchpriority=\"high\" decoding=\"async\" width=\"240\" height=\"240\" src=\"https:\/\/www.lantiquaille.com\/wp-content\/uploads\/2025\/06\/ECOCERTCosmos-Organic-N.jpeg\" class=\"attachment-large size-large wp-image-2876\" alt=\"\" srcset=\"https:\/\/www.lantiquaille.com\/wp-content\/uploads\/2025\/06\/ECOCERTCosmos-Organic-N.jpeg 240w, https:\/\/www.lantiquaille.com\/wp-content\/uploads\/2025\/06\/ECOCERTCosmos-Organic-N-150x150.jpeg 150w, https:\/\/www.lantiquaille.com\/wp-content\/uploads\/2025\/06\/ECOCERTCosmos-Organic-N-12x12.jpeg 12w, https:\/\/www.lantiquaille.com\/wp-content\/uploads\/2025\/06\/ECOCERTCosmos-Organic-N-100x100.jpeg 100w\" sizes=\"(max-width: 240px) 100vw, 240px\" \/>\t\t\t\t\t\t\t\t\t\t\t\t\t\t\t<\/div>\n\t\t\t\t<\/div>\n\t\t\t\t<\/div>\n\t\t<div class=\"elementor-element elementor-element-f230b49 e-con-full e-flex e-con e-child\" data-id=\"f230b49\" data-element_type=\"container\" data-e-type=\"container\">\n\t\t\t\t<div class=\"elementor-element elementor-element-05921e9 elementor-widget elementor-widget-image\" data-id=\"05921e9\" data-element_type=\"widget\" data-e-type=\"widget\" data-widget_type=\"image.default\">\n\t\t\t\t<div class=\"elementor-widget-container\">\n\t\t\t\t\t\t\t\t\t\t\t\t\t\t\t<img decoding=\"async\" width=\"800\" height=\"744\" src=\"https:\/\/www.lantiquaille.com\/wp-content\/uploads\/2025\/07\/logo-COSMEBIOR-ORGANIC-noir-1024x952.png\" class=\"attachment-large size-large wp-image-3243\" alt=\"logo COSMEBIO(R) ORGANIC-label bio cr\u00e8me de soin anti-\u00e2ge, France\" srcset=\"https:\/\/www.lantiquaille.com\/wp-content\/uploads\/2025\/07\/logo-COSMEBIOR-ORGANIC-noir-1024x952.png 1024w, https:\/\/www.lantiquaille.com\/wp-content\/uploads\/2025\/07\/logo-COSMEBIOR-ORGANIC-noir-300x279.png 300w, https:\/\/www.lantiquaille.com\/wp-content\/uploads\/2025\/07\/logo-COSMEBIOR-ORGANIC-noir-768x714.png 768w, https:\/\/www.lantiquaille.com\/wp-content\/uploads\/2025\/07\/logo-COSMEBIOR-ORGANIC-noir-1536x1429.png 1536w, https:\/\/www.lantiquaille.com\/wp-content\/uploads\/2025\/07\/logo-COSMEBIOR-ORGANIC-noir-13x12.png 13w, https:\/\/www.lantiquaille.com\/wp-content\/uploads\/2025\/07\/logo-COSMEBIOR-ORGANIC-noir-600x558.png 600w, https:\/\/www.lantiquaille.com\/wp-content\/uploads\/2025\/07\/logo-COSMEBIOR-ORGANIC-noir.png 1673w\" sizes=\"(max-width: 800px) 100vw, 800px\" \/>\t\t\t\t\t\t\t\t\t\t\t\t\t\t\t<\/div>\n\t\t\t\t<\/div>\n\t\t\t\t<\/div>\n\t\t<div class=\"elementor-element elementor-element-8a4276f e-con-full e-flex e-con e-child\" data-id=\"8a4276f\" data-element_type=\"container\" data-e-type=\"container\">\n\t\t\t\t<div class=\"elementor-element elementor-element-9fa6562 elementor-widget elementor-widget-image\" data-id=\"9fa6562\" data-element_type=\"widget\" data-e-type=\"widget\" data-widget_type=\"image.default\">\n\t\t\t\t<div class=\"elementor-widget-container\">\n\t\t\t\t\t\t\t\t\t\t\t\t\t\t\t<img decoding=\"async\" width=\"298\" height=\"240\" src=\"https:\/\/www.lantiquaille.com\/wp-content\/uploads\/2025\/06\/Copy-of-Vegan-TM-Palette1-BLACK-1.png\" class=\"attachment-large size-large wp-image-2877\" alt=\"\" srcset=\"https:\/\/www.lantiquaille.com\/wp-content\/uploads\/2025\/06\/Copy-of-Vegan-TM-Palette1-BLACK-1.png 298w, https:\/\/www.lantiquaille.com\/wp-content\/uploads\/2025\/06\/Copy-of-Vegan-TM-Palette1-BLACK-1-15x12.png 15w\" sizes=\"(max-width: 298px) 100vw, 298px\" \/>\t\t\t\t\t\t\t\t\t\t\t\t\t\t\t<\/div>\n\t\t\t\t<\/div>\n\t\t\t\t<\/div>\n\t\t\t\t<\/div>\n\t\t\t\t\t<\/div>\n\t\t\t\t<\/div>\n\t\t\t\t<\/div>","protected":false},"excerpt":{"rendered":"<p>Panier Validez votre panier puis cr\u00e9ez ou connectez \u00e0 votre compte pour b\u00e9n\u00e9ficier de nos offres<\/p>","protected":false},"author":1,"featured_media":0,"parent":0,"menu_order":0,"comment_status":"closed","ping_status":"closed","template":"elementor_header_footer","meta":{"footnotes":""},"class_list":["post-462","page","type-page","status-publish","hentry"],"_links":{"self":[{"href":"https:\/\/www.lantiquaille.com\/en\/wp-json\/wp\/v2\/pages\/462","targetHints":{"allow":["GET"]}}],"collection":[{"href":"https:\/\/www.lantiquaille.com\/en\/wp-json\/wp\/v2\/pages"}],"about":[{"href":"https:\/\/www.lantiquaille.com\/en\/wp-json\/wp\/v2\/types\/page"}],"author":[{"embeddable":true,"href":"https:\/\/www.lantiquaille.com\/en\/wp-json\/wp\/v2\/users\/1"}],"replies":[{"embeddable":true,"href":"https:\/\/www.lantiquaille.com\/en\/wp-json\/wp\/v2\/comments?post=462"}],"version-history":[{"count":53,"href":"https:\/\/www.lantiquaille.com\/en\/wp-json\/wp\/v2\/pages\/462\/revisions"}],"predecessor-version":[{"id":10679,"href":"https:\/\/www.lantiquaille.com\/en\/wp-json\/wp\/v2\/pages\/462\/revisions\/10679"}],"wp:attachment":[{"href":"https:\/\/www.lantiquaille.com\/en\/wp-json\/wp\/v2\/media?parent=462"}],"curies":[{"name":"wp","href":"https:\/\/api.w.org\/{rel}","templated":true}]}}