{"id":39,"date":"2024-02-11T13:47:42","date_gmt":"2024-02-11T13:47:42","guid":{"rendered":"https:\/\/demosites.royal-elementor-addons.com\/shop-wooshop-v2\/?page_id=39"},"modified":"2025-11-10T16:52:26","modified_gmt":"2025-11-10T16:52:26","slug":"connexion-et-inscription","status":"publish","type":"page","link":"https:\/\/www.lantiquaille.com\/en\/connexion-et-inscription\/","title":{"rendered":"Connexion et Inscription"},"content":{"rendered":"\t\t<div data-elementor-type=\"wp-page\" data-elementor-id=\"39\" class=\"elementor elementor-39\" data-elementor-post-type=\"page\">\n\t\t\t\t<div class=\"elementor-element elementor-element-9e9b59d e-flex e-con-boxed e-con e-parent\" data-id=\"9e9b59d\" data-element_type=\"container\" data-e-type=\"container\">\n\t\t\t\t\t<div class=\"e-con-inner\">\n\t\t<div class=\"elementor-element elementor-element-8d98dce e-con-full e-flex e-con e-child\" data-id=\"8d98dce\" data-element_type=\"container\" data-e-type=\"container\" data-settings=\"{&quot;background_background&quot;:&quot;classic&quot;}\">\n\t\t<div class=\"elementor-element elementor-element-12222c8 e-con-full e-flex e-con e-child\" data-id=\"12222c8\" data-element_type=\"container\" data-e-type=\"container\">\n\t\t\t\t<div class=\"elementor-element elementor-element-c045eab elementor-widget elementor-widget-heading\" data-id=\"c045eab\" data-element_type=\"widget\" data-e-type=\"widget\" data-widget_type=\"heading.default\">\n\t\t\t\t<div class=\"elementor-widget-container\">\n\t\t\t\t\t<h2 class=\"elementor-heading-title elementor-size-default\">Vous \u00eates d\u00e9j\u00e0 client<\/h2>\t\t\t\t<\/div>\n\t\t\t\t<\/div>\n\t\t\t\t<div class=\"elementor-element elementor-element-6244a16 elementor-widget-divider--view-line elementor-widget elementor-widget-divider\" data-id=\"6244a16\" data-element_type=\"widget\" data-e-type=\"widget\" data-widget_type=\"divider.default\">\n\t\t\t\t<div class=\"elementor-widget-container\">\n\t\t\t\t\t\t\t<div class=\"elementor-divider\">\n\t\t\t<span class=\"elementor-divider-separator\">\n\t\t\t\t\t\t<\/span>\n\t\t<\/div>\n\t\t\t\t\t\t<\/div>\n\t\t\t\t<\/div>\n\t\t\t\t<div class=\"elementor-element elementor-element-89d6e45 elementor-widget__width-initial elementor-widget elementor-widget-heading\" data-id=\"89d6e45\" data-element_type=\"widget\" data-e-type=\"widget\" data-widget_type=\"heading.default\">\n\t\t\t\t<div class=\"elementor-widget-container\">\n\t\t\t\t\t<h2 class=\"elementor-heading-title elementor-size-default\">Suivez-vos commandes en un clic, et profitez de vos avantages fid\u00e9lit\u00e9 !<\/h2>\t\t\t\t<\/div>\n\t\t\t\t<\/div>\n\t\t\t\t<div class=\"elementor-element elementor-element-3744abb elementor-widget elementor-widget-spacer\" data-id=\"3744abb\" data-element_type=\"widget\" data-e-type=\"widget\" data-widget_type=\"spacer.default\">\n\t\t\t\t<div class=\"elementor-widget-container\">\n\t\t\t\t\t\t\t<div class=\"elementor-spacer\">\n\t\t\t<div class=\"elementor-spacer-inner\"><\/div>\n\t\t<\/div>\n\t\t\t\t\t\t<\/div>\n\t\t\t\t<\/div>\n\t\t\t\t<div class=\"elementor-element elementor-element-f1828a9 elementor-widget__width-initial elementor-widget elementor-widget-shortcode\" data-id=\"f1828a9\" data-element_type=\"widget\" data-e-type=\"widget\" data-widget_type=\"shortcode.default\">\n\t\t\t\t<div class=\"elementor-widget-container\">\n\t\t\t\t\t\t\t<div class=\"elementor-shortcode\">    \n    <div class=\"custom-login-container\">\n                <form class=\"custom-login-form\" action=\"https:\/\/www.lantiquaille.com\/wp-login.php\" method=\"post\">\n            <p><label for=\"user_login\">Username or Email<\/label><input type=\"text\" name=\"log\" id=\"user_login\" required><\/p>\n            \n            <!-- CHANGEMENT ICI : Wrapper + Input + Icon -->\n            <p>\n                <label for=\"user_pass\">Password<\/label>\n                <span class=\"pf-password-wrapper\">\n                    <input type=\"password\" name=\"pwd\" id=\"user_pass\" required>\n                    <span class=\"pf-toggle-password\" title=\"Show\/Hide password\">\n        <svg class=\"dashicons-visibility\" viewBox=\"0 0 20 20\" xmlns=\"http:\/\/www.w3.org\/2000\/svg\"><path d=\"M10 12a2 2 0 100-4 2 2 0 000 4z\"\/><path fill-rule=\"evenodd\" d=\"M.458 10C1.732 5.943 5.522 3 10 3s8.268 2.943 9.542 7c-1.274 4.057-5.064 7-9.542 7S1.732 14.057.458 10zM14 10a4 4 0 11-8 0 4 4 0 018 0z\" clip-rule=\"evenodd\"\/><\/svg>\n        <svg class=\"dashicons-hidden\" viewBox=\"0 0 20 20\" xmlns=\"http:\/\/www.w3.org\/2000\/svg\"><path fill-rule=\"evenodd\" d=\"M3.707 2.293a1 1 0 00-1.414 1.414l14 14a1 1 0 001.414-1.414l-1.473-1.473A10.014 10.014 0 0019.542 10C18.268 5.943 14.478 3 10 3a9.958 9.958 0 00-4.512 1.074l-1.78-1.781zm4.261 4.26l1.514 1.515a2.003 2.003 0 012.45 2.45l1.514 1.514a4 4 0 00-5.478-5.478z\" clip-rule=\"evenodd\"\/><path d=\"M12.454 16.697L9.75 13.992a4 4 0 01-3.742-3.741L2.335 6.578A9.98 9.98 0 00.458 10c1.274 4.057 5.064 7 9.542 7 .847 0 1.669-.105 2.454-.303z\"\/><\/svg>\n    <\/span>                <\/span>\n            <\/p>\n            \n            <input type=\"hidden\" name=\"redirect_to\" value=\"\/mon-compte\/\">\n            <input type=\"hidden\" name=\"_wp_http_referer\" value=\"\/mon-compte\/\" \/>\n            \n            <p><input class=\"boutonfoorm\" type=\"submit\" value=\"Log in\"><\/p>\n        <\/form>\n        <p class=\"custom-login-lost-password\">\n            <a href=\"https:\/\/www.lantiquaille.com\/en\/mon-compte\/lost-password\/\">Forgot your password?<\/a>\n        <\/p>\n    <\/div>\n    <\/div>\n\t\t\t\t\t\t<\/div>\n\t\t\t\t<\/div>\n\t\t\t\t<\/div>\n\t\t<div class=\"elementor-element elementor-element-e218cc4 e-con-full e-flex e-con e-child\" data-id=\"e218cc4\" data-element_type=\"container\" data-e-type=\"container\">\n\t\t\t\t<div class=\"elementor-element elementor-element-036b0a2 elementor-widget elementor-widget-heading\" data-id=\"036b0a2\" data-element_type=\"widget\" data-e-type=\"widget\" data-widget_type=\"heading.default\">\n\t\t\t\t<div class=\"elementor-widget-container\">\n\t\t\t\t\t<h2 class=\"elementor-heading-title elementor-size-default\">nouveau client<\/h2>\t\t\t\t<\/div>\n\t\t\t\t<\/div>\n\t\t\t\t<div class=\"elementor-element elementor-element-9952e8f elementor-widget-divider--view-line elementor-widget elementor-widget-divider\" data-id=\"9952e8f\" data-element_type=\"widget\" data-e-type=\"widget\" data-widget_type=\"divider.default\">\n\t\t\t\t<div class=\"elementor-widget-container\">\n\t\t\t\t\t\t\t<div class=\"elementor-divider\">\n\t\t\t<span class=\"elementor-divider-separator\">\n\t\t\t\t\t\t<\/span>\n\t\t<\/div>\n\t\t\t\t\t\t<\/div>\n\t\t\t\t<\/div>\n\t\t\t\t<div class=\"elementor-element elementor-element-15a2d31 elementor-widget__width-initial elementor-widget elementor-widget-heading\" data-id=\"15a2d31\" data-element_type=\"widget\" data-e-type=\"widget\" data-widget_type=\"heading.default\">\n\t\t\t\t<div class=\"elementor-widget-container\">\n\t\t\t\t\t<h2 class=\"elementor-heading-title elementor-size-default\">Inscrivez-vous pour passez \u00e0 la suite, suivre vos commandes et profitez des avantages fid\u00e9lit\u00e9 !<\/h2>\t\t\t\t<\/div>\n\t\t\t\t<\/div>\n\t\t\t\t<div class=\"elementor-element elementor-element-5ad1a1a elementor-widget elementor-widget-spacer\" data-id=\"5ad1a1a\" data-element_type=\"widget\" data-e-type=\"widget\" data-widget_type=\"spacer.default\">\n\t\t\t\t<div class=\"elementor-widget-container\">\n\t\t\t\t\t\t\t<div class=\"elementor-spacer\">\n\t\t\t<div class=\"elementor-spacer-inner\"><\/div>\n\t\t<\/div>\n\t\t\t\t\t\t<\/div>\n\t\t\t\t<\/div>\n\t\t\t\t<div class=\"elementor-element elementor-element-33cc46f elementor-widget__width-initial elementor-widget elementor-widget-shortcode\" data-id=\"33cc46f\" data-element_type=\"widget\" data-e-type=\"widget\" data-widget_type=\"shortcode.default\">\n\t\t\t\t<div class=\"elementor-widget-container\">\n\t\t\t\t\t\t\t<div class=\"elementor-shortcode\">    <form class=\"custom-registration-form\" action=\"\/en\/wp-json\/wp\/v2\/pages\/39\" method=\"post\">\n        \n        <p><label for=\"first_name\">First Name<\/label><input type=\"text\" name=\"first_name\" id=\"first_name\" required><\/p>\n        <p><label for=\"last_name\">Last Name<\/label><input type=\"text\" name=\"last_name\" id=\"last_name\" required><\/p>\n        <p><label for=\"user_email\">Email<\/label><input type=\"email\" name=\"user_email\" id=\"user_email\" required><\/p>\n        \n        <!-- CHANGEMENT ICI : Mot de passe -->\n        <p>\n            <label for=\"user_pass\">Password<\/label>\n            <span class=\"pf-password-wrapper\">\n                <input type=\"password\" name=\"user_pass\" id=\"user_pass\" required>\n                <span class=\"pf-toggle-password\" title=\"Show\/Hide password\">\n        <svg class=\"dashicons-visibility\" viewBox=\"0 0 20 20\" xmlns=\"http:\/\/www.w3.org\/2000\/svg\"><path d=\"M10 12a2 2 0 100-4 2 2 0 000 4z\"\/><path fill-rule=\"evenodd\" d=\"M.458 10C1.732 5.943 5.522 3 10 3s8.268 2.943 9.542 7c-1.274 4.057-5.064 7-9.542 7S1.732 14.057.458 10zM14 10a4 4 0 11-8 0 4 4 0 018 0z\" clip-rule=\"evenodd\"\/><\/svg>\n        <svg class=\"dashicons-hidden\" viewBox=\"0 0 20 20\" xmlns=\"http:\/\/www.w3.org\/2000\/svg\"><path fill-rule=\"evenodd\" d=\"M3.707 2.293a1 1 0 00-1.414 1.414l14 14a1 1 0 001.414-1.414l-1.473-1.473A10.014 10.014 0 0019.542 10C18.268 5.943 14.478 3 10 3a9.958 9.958 0 00-4.512 1.074l-1.78-1.781zm4.261 4.26l1.514 1.515a2.003 2.003 0 012.45 2.45l1.514 1.514a4 4 0 00-5.478-5.478z\" clip-rule=\"evenodd\"\/><path d=\"M12.454 16.697L9.75 13.992a4 4 0 01-3.742-3.741L2.335 6.578A9.98 9.98 0 00.458 10c1.274 4.057 5.064 7 9.542 7 .847 0 1.669-.105 2.454-.303z\"\/><\/svg>\n    <\/span>            <\/span>\n        <\/p>\n\n        <!-- CHANGEMENT ICI : Confirmation Mot de passe -->\n        <p>\n            <label for=\"user_pass_confirm\">Confirm password<\/label>\n            <span class=\"pf-password-wrapper\">\n                <input type=\"password\" name=\"user_pass_confirm\" id=\"user_pass_confirm\" required>\n                <span class=\"pf-toggle-password\" title=\"Show\/Hide password\">\n        <svg class=\"dashicons-visibility\" viewBox=\"0 0 20 20\" xmlns=\"http:\/\/www.w3.org\/2000\/svg\"><path d=\"M10 12a2 2 0 100-4 2 2 0 000 4z\"\/><path fill-rule=\"evenodd\" d=\"M.458 10C1.732 5.943 5.522 3 10 3s8.268 2.943 9.542 7c-1.274 4.057-5.064 7-9.542 7S1.732 14.057.458 10zM14 10a4 4 0 11-8 0 4 4 0 018 0z\" clip-rule=\"evenodd\"\/><\/svg>\n        <svg class=\"dashicons-hidden\" viewBox=\"0 0 20 20\" xmlns=\"http:\/\/www.w3.org\/2000\/svg\"><path fill-rule=\"evenodd\" d=\"M3.707 2.293a1 1 0 00-1.414 1.414l14 14a1 1 0 001.414-1.414l-1.473-1.473A10.014 10.014 0 0019.542 10C18.268 5.943 14.478 3 10 3a9.958 9.958 0 00-4.512 1.074l-1.78-1.781zm4.261 4.26l1.514 1.515a2.003 2.003 0 012.45 2.45l1.514 1.514a4 4 0 00-5.478-5.478z\" clip-rule=\"evenodd\"\/><path d=\"M12.454 16.697L9.75 13.992a4 4 0 01-3.742-3.741L2.335 6.578A9.98 9.98 0 00.458 10c1.274 4.057 5.064 7 9.542 7 .847 0 1.669-.105 2.454-.303z\"\/><\/svg>\n    <\/span>            <\/span>\n        <\/p>\n\n        <p><label for=\"date_de_naissance_short\">Date of birth<\/label><input type=\"date\" name=\"date_de_naissance\" id=\"date_de_naissance_short\" required><\/p>\n        <p><label for=\"referral_code\">Sponsorship code (optional)<\/label><input type=\"text\" name=\"referral_code\" id=\"referral_code\" placeholder=\"Enter the code if you have one\" value=\"\"><\/p>\n        \n        <div class=\"fidelite-container\" style=\"margin-bottom: 20px;\">\n             <p style=\"font-size: smaller; font-style: italic; margin-bottom: 10px;\">\n                I wish to join the Le Club de L\u2019Antiquaille loyalty program to benefit from exclusive offers and advantages. I have read and agree to the <a href=\"https:\/\/www.lantiquaille.com\/reglement-du-programme-de-fidelite-et-parrainage\/\" target=\"_blank\">Le Club de L\u2019Antiquaille rules<\/a>            <\/p>\n            <p class=\"loyalty-options\">\n                <input type=\"radio\" name=\"participation_fidelite_short\" id=\"participation_fidelite_yes_short\" value=\"yes\"  required \/>\n                <label for=\"participation_fidelite_yes_short\" style=\"display: inline-block; margin-right: 20px;\">Yes<\/label>\n\n                <input type=\"radio\" name=\"participation_fidelite_short\" id=\"participation_fidelite_no_short\" value=\"no\"  required \/>\n                <label for=\"participation_fidelite_no_short\" style=\"display: inline-block;\">No<\/label>\n            <\/p>\n             <p id=\"loyalty-choice-notice-shortcode\" style=\"color: #c00; font-size: 0.9em; margin-top: 5px; display: none;\">\n                Please check one of the 2 boxes to continue.            <\/p>\n        <\/div>\n\n        <input type=\"hidden\" name=\"registration_locale\" id=\"registration_locale_field\" value=\"\">\n        <input type=\"hidden\" name=\"redirect_url\" value=\"\/mon-compte\/\">\n        <p><input class=\"boutonfoorm\" type=\"submit\" name=\"register\" value=\"Register\"><\/p>\n    <\/form>\n    \n    <script type=\"text\/javascript\">\n    jQuery(function($) {\n        var registerButton = $('form.custom-registration-form input[type=\"submit\"]');\n        var loyaltyRadios = $('input[name=\"participation_fidelite_short\"]');\n        var notice = $('#loyalty-choice-notice-shortcode');\n\n        function checkLoyaltyChoice() {\n            if (loyaltyRadios.is(':checked')) {\n                registerButton.prop('disabled', false);\n                notice.hide();\n            } else {\n                registerButton.prop('disabled', true);\n                notice.show();\n            }\n        }\n        checkLoyaltyChoice();\n        loyaltyRadios.on('change', checkLoyaltyChoice);\n    });\n    <\/script>\n    \n    <script type=\"text\/javascript\">\n    jQuery(function($) {\n        function updateRegistrationLocale() {\n            var htmlLang = $('html').attr('lang');\n            if (htmlLang) {\n                var wordpressLocale = htmlLang.replace('-', '_');\n                $('#registration_locale_field').val(wordpressLocale);\n            }\n        }\n        updateRegistrationLocale();\n        $(document.body).on('updated_checkout', function() {\n            updateRegistrationLocale();\n        });\n    });\n    <\/script>\n    <\/div>\n\t\t\t\t\t\t<\/div>\n\t\t\t\t<\/div>\n\t\t\t\t<\/div>\n\t\t\t\t<\/div>\n\t\t\t\t\t<\/div>\n\t\t\t\t<\/div>\n\t\t\t\t<\/div>\n\t\t","protected":false},"excerpt":{"rendered":"<p>Vous \u00eates d\u00e9j\u00e0 client Suivez-vos commandes en un clic, et profitez de vos avantages fid\u00e9lit\u00e9 ! nouveau client Inscrivez-vous pour passez \u00e0 la suite, suivre vos commandes et profitez des avantages fid\u00e9lit\u00e9 !<\/p>","protected":false},"author":1,"featured_media":0,"parent":0,"menu_order":0,"comment_status":"closed","ping_status":"closed","template":"elementor_header_footer","meta":{"footnotes":""},"class_list":["post-39","page","type-page","status-publish","hentry"],"_links":{"self":[{"href":"https:\/\/www.lantiquaille.com\/en\/wp-json\/wp\/v2\/pages\/39","targetHints":{"allow":["GET"]}}],"collection":[{"href":"https:\/\/www.lantiquaille.com\/en\/wp-json\/wp\/v2\/pages"}],"about":[{"href":"https:\/\/www.lantiquaille.com\/en\/wp-json\/wp\/v2\/types\/page"}],"author":[{"embeddable":true,"href":"https:\/\/www.lantiquaille.com\/en\/wp-json\/wp\/v2\/users\/1"}],"replies":[{"embeddable":true,"href":"https:\/\/www.lantiquaille.com\/en\/wp-json\/wp\/v2\/comments?post=39"}],"version-history":[{"count":65,"href":"https:\/\/www.lantiquaille.com\/en\/wp-json\/wp\/v2\/pages\/39\/revisions"}],"predecessor-version":[{"id":8880,"href":"https:\/\/www.lantiquaille.com\/en\/wp-json\/wp\/v2\/pages\/39\/revisions\/8880"}],"wp:attachment":[{"href":"https:\/\/www.lantiquaille.com\/en\/wp-json\/wp\/v2\/media?parent=39"}],"curies":[{"name":"wp","href":"https:\/\/api.w.org\/{rel}","templated":true}]}}